{"id":1466,"date":"2021-10-30T16:36:34","date_gmt":"2021-10-30T19:36:34","guid":{"rendered":"http:\/\/www.clinicabioser.com.br\/online\/?page_id=1466"},"modified":"2021-12-13T13:30:14","modified_gmt":"2021-12-13T16:30:14","slug":"nutricao","status":"publish","type":"page","link":"https:\/\/www.clinicabioser.com.br\/online\/especialidades\/nutricao\/","title":{"rendered":"Nutri\u00e7\u00e3o"},"content":{"rendered":"\t\t<div data-elementor-type=\"wp-page\" data-elementor-id=\"1466\" class=\"elementor elementor-1466\">\n\t\t\t\t\t\t<section class=\"elementor-section elementor-top-section elementor-element elementor-element-4c44b0d1 elementor-section-full_width elementor-section-stretched elementor-section-height-default elementor-section-height-default\" data-id=\"4c44b0d1\" data-element_type=\"section\" data-e-type=\"section\" data-settings=\"{&quot;stretch_section&quot;:&quot;section-stretched&quot;,&quot;background_background&quot;:&quot;classic&quot;}\">\n\t\t\t\t\t\t<div class=\"elementor-container elementor-column-gap-no\">\n\t\t\t\t\t<div class=\"aux-parallax-section elementor-column elementor-col-100 elementor-top-column elementor-element elementor-element-138885b4\" data-id=\"138885b4\" data-element_type=\"column\" data-e-type=\"column\">\n\t\t\t<div class=\"elementor-widget-wrap elementor-element-populated\">\n\t\t\t\t\t\t<div class=\"elementor-element elementor-element-250f7bd7 elementor-widget elementor-widget-aux_breadcrumbs\" data-id=\"250f7bd7\" data-element_type=\"widget\" data-e-type=\"widget\" data-widget_type=\"aux_breadcrumbs.default\">\n\t\t\t\t<div class=\"elementor-widget-container\">\n\t\t\t\t\t<div class=\"aux-elementor-breadcrumbs\"><p class=\"aux-breadcrumbs\"><span class=\"aux-breadcrumb-sep breadcrumb-icon Array\"><\/span><span><a href=\"https:\/\/www.clinicabioser.com.br\/online\" title=\"Home\">Home<\/a><\/span><\/div>\t\t\t\t<\/div>\n\t\t\t\t<\/div>\n\t\t\t\t<div class=\"elementor-element elementor-element-431d87bd elementor-widget elementor-widget-heading\" data-id=\"431d87bd\" data-element_type=\"widget\" data-e-type=\"widget\" data-widget_type=\"heading.default\">\n\t\t\t\t<div class=\"elementor-widget-container\">\n\t\t\t\t\t<h1 class=\"elementor-heading-title elementor-size-default\">Nutri\u00e7\u00e3o<\/h1>\t\t\t\t<\/div>\n\t\t\t\t<\/div>\n\t\t\t\t\t<\/div>\n\t\t<\/div>\n\t\t\t\t\t<\/div>\n\t\t<\/section>\n\t\t\t\t<section class=\"elementor-section elementor-top-section elementor-element elementor-element-1d45869 elementor-section-full_width elementor-section-height-default elementor-section-height-default\" data-id=\"1d45869\" data-element_type=\"section\" data-e-type=\"section\">\n\t\t\t\t\t\t<div class=\"elementor-container elementor-column-gap-default\">\n\t\t\t\t\t<div class=\"aux-parallax-section elementor-column elementor-col-100 elementor-top-column elementor-element elementor-element-a4dd4e2\" data-id=\"a4dd4e2\" data-element_type=\"column\" data-e-type=\"column\">\n\t\t\t<div class=\"elementor-widget-wrap elementor-element-populated\">\n\t\t\t\t\t\t<div class=\"elementor-element elementor-element-bc71cf6 elementor-widget elementor-widget-image\" data-id=\"bc71cf6\" data-element_type=\"widget\" data-e-type=\"widget\" data-widget_type=\"image.default\">\n\t\t\t\t<div class=\"elementor-widget-container\">\n\t\t\t\t\t\t\t\t\t\t\t\t\t\t\t<img fetchpriority=\"high\" decoding=\"async\" width=\"300\" height=\"300\" src=\"https:\/\/www.clinicabioser.com.br\/online\/wp-content\/uploads\/2021\/04\/Foto-Pagina-Nutricao-300x300.jpg\" class=\"attachment-medium size-medium wp-image-571\" alt=\"\" srcset=\"https:\/\/www.clinicabioser.com.br\/online\/wp-content\/uploads\/2021\/04\/Foto-Pagina-Nutricao-300x300.jpg 300w, https:\/\/www.clinicabioser.com.br\/online\/wp-content\/uploads\/2021\/04\/Foto-Pagina-Nutricao-1024x1024.jpg 1024w, https:\/\/www.clinicabioser.com.br\/online\/wp-content\/uploads\/2021\/04\/Foto-Pagina-Nutricao-150x150.jpg 150w, https:\/\/www.clinicabioser.com.br\/online\/wp-content\/uploads\/2021\/04\/Foto-Pagina-Nutricao-768x768.jpg 768w\" sizes=\"(max-width: 300px) 100vw, 300px\" \/>\t\t\t\t\t\t\t\t\t\t\t\t\t\t\t<\/div>\n\t\t\t\t<\/div>\n\t\t\t\t<div class=\"elementor-element elementor-element-9aefd0b elementor-widget elementor-widget-text-editor\" data-id=\"9aefd0b\" data-element_type=\"widget\" data-e-type=\"widget\" data-widget_type=\"text-editor.default\">\n\t\t\t\t<div class=\"elementor-widget-container\">\n\t\t\t\t\t\t\t\t\t<p style=\"text-align: center;\">A Nutri\u00e7\u00e3o \u00e9 uma ci\u00eancia cujo objetivo \u00e9 proporcionar sa\u00fade e bem estar, atrav\u00e9s de uma alimenta\u00e7\u00e3o adequada \u00e0s necessidades individuais.<\/p>\t\t\t\t\t\t\t\t<\/div>\n\t\t\t\t<\/div>\n\t\t\t\t\t<\/div>\n\t\t<\/div>\n\t\t\t\t\t<\/div>\n\t\t<\/section>\n\t\t\t\t<\/div>\n\t\t","protected":false},"excerpt":{"rendered":"<p>Home Nutri\u00e7\u00e3o A Nutri\u00e7\u00e3o \u00e9 uma ci\u00eancia cujo objetivo \u00e9 proporcionar sa\u00fade e bem estar, atrav\u00e9s de uma alimenta\u00e7\u00e3o adequada \u00e0s necessidades individuais.<\/p>\n","protected":false},"author":1,"featured_media":571,"parent":1398,"menu_order":0,"comment_status":"closed","ping_status":"closed","template":"","meta":{"footnotes":""},"class_list":["post-1466","page","type-page","status-publish","has-post-thumbnail","hentry"],"_links":{"self":[{"href":"https:\/\/www.clinicabioser.com.br\/online\/wp-json\/wp\/v2\/pages\/1466","targetHints":{"allow":["GET"]}}],"collection":[{"href":"https:\/\/www.clinicabioser.com.br\/online\/wp-json\/wp\/v2\/pages"}],"about":[{"href":"https:\/\/www.clinicabioser.com.br\/online\/wp-json\/wp\/v2\/types\/page"}],"author":[{"embeddable":true,"href":"https:\/\/www.clinicabioser.com.br\/online\/wp-json\/wp\/v2\/users\/1"}],"replies":[{"embeddable":true,"href":"https:\/\/www.clinicabioser.com.br\/online\/wp-json\/wp\/v2\/comments?post=1466"}],"version-history":[{"count":13,"href":"https:\/\/www.clinicabioser.com.br\/online\/wp-json\/wp\/v2\/pages\/1466\/revisions"}],"predecessor-version":[{"id":1580,"href":"https:\/\/www.clinicabioser.com.br\/online\/wp-json\/wp\/v2\/pages\/1466\/revisions\/1580"}],"up":[{"embeddable":true,"href":"https:\/\/www.clinicabioser.com.br\/online\/wp-json\/wp\/v2\/pages\/1398"}],"wp:featuredmedia":[{"embeddable":true,"href":"https:\/\/www.clinicabioser.com.br\/online\/wp-json\/wp\/v2\/media\/571"}],"wp:attachment":[{"href":"https:\/\/www.clinicabioser.com.br\/online\/wp-json\/wp\/v2\/media?parent=1466"}],"curies":[{"name":"wp","href":"https:\/\/api.w.org\/{rel}","templated":true}]}}