{"id":1401,"date":"2021-10-30T12:33:23","date_gmt":"2021-10-30T15:33:23","guid":{"rendered":"http:\/\/www.clinicabioser.com.br\/online\/?page_id=1401"},"modified":"2021-12-13T13:17:35","modified_gmt":"2021-12-13T16:17:35","slug":"psicopedagogia","status":"publish","type":"page","link":"https:\/\/www.clinicabioser.com.br\/online\/especialidades\/psicopedagogia\/","title":{"rendered":"Psicopedagogia"},"content":{"rendered":"\t\t<div data-elementor-type=\"wp-page\" data-elementor-id=\"1401\" class=\"elementor elementor-1401\">\n\t\t\t\t\t\t<section class=\"elementor-section elementor-top-section elementor-element elementor-element-60962b87 elementor-section-full_width elementor-section-stretched elementor-section-height-default elementor-section-height-default\" data-id=\"60962b87\" data-element_type=\"section\" data-e-type=\"section\" data-settings=\"{&quot;stretch_section&quot;:&quot;section-stretched&quot;,&quot;background_background&quot;:&quot;classic&quot;}\">\n\t\t\t\t\t\t<div class=\"elementor-container elementor-column-gap-no\">\n\t\t\t\t\t<div class=\"aux-parallax-section elementor-column elementor-col-100 elementor-top-column elementor-element elementor-element-1384c823\" data-id=\"1384c823\" data-element_type=\"column\" data-e-type=\"column\">\n\t\t\t<div class=\"elementor-widget-wrap elementor-element-populated\">\n\t\t\t\t\t\t<div class=\"elementor-element elementor-element-8012eb6 elementor-widget elementor-widget-aux_breadcrumbs\" data-id=\"8012eb6\" data-element_type=\"widget\" data-e-type=\"widget\" data-widget_type=\"aux_breadcrumbs.default\">\n\t\t\t\t<div class=\"elementor-widget-container\">\n\t\t\t\t\t<div class=\"aux-elementor-breadcrumbs\"><p class=\"aux-breadcrumbs\"><span class=\"aux-breadcrumb-sep breadcrumb-icon Array\"><\/span><span><a href=\"https:\/\/www.clinicabioser.com.br\/online\" title=\"Home\">Home<\/a><\/span><\/div>\t\t\t\t<\/div>\n\t\t\t\t<\/div>\n\t\t\t\t<div class=\"elementor-element elementor-element-371ef6ee elementor-widget elementor-widget-heading\" data-id=\"371ef6ee\" data-element_type=\"widget\" data-e-type=\"widget\" data-widget_type=\"heading.default\">\n\t\t\t\t<div class=\"elementor-widget-container\">\n\t\t\t\t\t<h1 class=\"elementor-heading-title elementor-size-default\">Psicopedagogia<\/h1>\t\t\t\t<\/div>\n\t\t\t\t<\/div>\n\t\t\t\t\t<\/div>\n\t\t<\/div>\n\t\t\t\t\t<\/div>\n\t\t<\/section>\n\t\t\t\t<section class=\"elementor-section elementor-top-section elementor-element elementor-element-5c958b1 elementor-section-full_width elementor-section-height-default elementor-section-height-default\" data-id=\"5c958b1\" data-element_type=\"section\" data-e-type=\"section\">\n\t\t\t\t\t\t<div class=\"elementor-container elementor-column-gap-default\">\n\t\t\t\t\t<div class=\"aux-parallax-section elementor-column elementor-col-100 elementor-top-column elementor-element elementor-element-0858486\" data-id=\"0858486\" data-element_type=\"column\" data-e-type=\"column\">\n\t\t\t<div class=\"elementor-widget-wrap elementor-element-populated\">\n\t\t\t\t\t\t<div class=\"elementor-element elementor-element-14944d4 elementor-widget elementor-widget-image\" data-id=\"14944d4\" data-element_type=\"widget\" data-e-type=\"widget\" data-widget_type=\"image.default\">\n\t\t\t\t<div class=\"elementor-widget-container\">\n\t\t\t\t\t\t\t\t\t\t\t\t\t\t\t<img fetchpriority=\"high\" decoding=\"async\" width=\"300\" height=\"300\" src=\"https:\/\/www.clinicabioser.com.br\/online\/wp-content\/uploads\/2021\/04\/Foto-Pagina-Pedagogia-300x300.jpg\" class=\"attachment-medium size-medium wp-image-570\" alt=\"\" srcset=\"https:\/\/www.clinicabioser.com.br\/online\/wp-content\/uploads\/2021\/04\/Foto-Pagina-Pedagogia-300x300.jpg 300w, https:\/\/www.clinicabioser.com.br\/online\/wp-content\/uploads\/2021\/04\/Foto-Pagina-Pedagogia-1024x1024.jpg 1024w, https:\/\/www.clinicabioser.com.br\/online\/wp-content\/uploads\/2021\/04\/Foto-Pagina-Pedagogia-150x150.jpg 150w, https:\/\/www.clinicabioser.com.br\/online\/wp-content\/uploads\/2021\/04\/Foto-Pagina-Pedagogia-768x768.jpg 768w\" sizes=\"(max-width: 300px) 100vw, 300px\" \/>\t\t\t\t\t\t\t\t\t\t\t\t\t\t\t<\/div>\n\t\t\t\t<\/div>\n\t\t\t\t<div class=\"elementor-element elementor-element-f41e6aa elementor-widget elementor-widget-text-editor\" data-id=\"f41e6aa\" data-element_type=\"widget\" data-e-type=\"widget\" data-widget_type=\"text-editor.default\">\n\t\t\t\t<div class=\"elementor-widget-container\">\n\t\t\t\t\t\t\t\t\t<p style=\"text-align: center;\">Aprender \u00e9 um processo natural que resulta de uma atividade mental complexa, na qual est\u00e3o envolvidos pensamentos, emo\u00e7\u00f5es, mem\u00f3ria, conhecimentos pr\u00e9vios, aten\u00e7\u00e3o, compreens\u00e3o e absor\u00e7\u00e3o dos est\u00edmulos externos e etc.\u00a0<\/p>\t\t\t\t\t\t\t\t<\/div>\n\t\t\t\t<\/div>\n\t\t\t\t\t<\/div>\n\t\t<\/div>\n\t\t\t\t\t<\/div>\n\t\t<\/section>\n\t\t\t\t<\/div>\n\t\t","protected":false},"excerpt":{"rendered":"<p>Aprender \u00e9 um processo natural que resulta de uma atividade mental complexa, na qual est\u00e3o envolvidos pensamentos, emo\u00e7\u00f5es, mem\u00f3ria, conhecimentos pr\u00e9vios, aten\u00e7\u00e3o, compreens\u00e3o e absor\u00e7\u00e3o dos est\u00edmulos externos e etc. <\/p>\n","protected":false},"author":1,"featured_media":570,"parent":1398,"menu_order":0,"comment_status":"closed","ping_status":"closed","template":"","meta":{"footnotes":""},"class_list":["post-1401","page","type-page","status-publish","has-post-thumbnail","hentry"],"_links":{"self":[{"href":"https:\/\/www.clinicabioser.com.br\/online\/wp-json\/wp\/v2\/pages\/1401","targetHints":{"allow":["GET"]}}],"collection":[{"href":"https:\/\/www.clinicabioser.com.br\/online\/wp-json\/wp\/v2\/pages"}],"about":[{"href":"https:\/\/www.clinicabioser.com.br\/online\/wp-json\/wp\/v2\/types\/page"}],"author":[{"embeddable":true,"href":"https:\/\/www.clinicabioser.com.br\/online\/wp-json\/wp\/v2\/users\/1"}],"replies":[{"embeddable":true,"href":"https:\/\/www.clinicabioser.com.br\/online\/wp-json\/wp\/v2\/comments?post=1401"}],"version-history":[{"count":15,"href":"https:\/\/www.clinicabioser.com.br\/online\/wp-json\/wp\/v2\/pages\/1401\/revisions"}],"predecessor-version":[{"id":1571,"href":"https:\/\/www.clinicabioser.com.br\/online\/wp-json\/wp\/v2\/pages\/1401\/revisions\/1571"}],"up":[{"embeddable":true,"href":"https:\/\/www.clinicabioser.com.br\/online\/wp-json\/wp\/v2\/pages\/1398"}],"wp:featuredmedia":[{"embeddable":true,"href":"https:\/\/www.clinicabioser.com.br\/online\/wp-json\/wp\/v2\/media\/570"}],"wp:attachment":[{"href":"https:\/\/www.clinicabioser.com.br\/online\/wp-json\/wp\/v2\/media?parent=1401"}],"curies":[{"name":"wp","href":"https:\/\/api.w.org\/{rel}","templated":true}]}}